{"id":605,"date":"2021-06-01T14:19:02","date_gmt":"2021-06-01T12:19:02","guid":{"rendered":"http:\/\/d.r1.wbsprt.com\/dmsservis.sk\/?page_id=605"},"modified":"2021-08-02T11:12:01","modified_gmt":"2021-08-02T09:12:01","slug":"galeria","status":"publish","type":"page","link":"https:\/\/dmsservis.sk\/?page_id=605","title":{"rendered":"GAL\u00c9RIA"},"content":{"rendered":"\t\t<div data-elementor-type=\"wp-page\" data-elementor-id=\"605\" class=\"elementor elementor-605\" data-elementor-settings=\"[]\">\n\t\t\t\t\t\t\t<div class=\"elementor-section-wrap\">\n\t\t\t\t\t\t\t<section class=\"elementor-section elementor-top-section elementor-element elementor-element-43e1f54a elementor-section-content-middle elementor-section-height-min-height elementor-section-boxed elementor-section-height-default elementor-section-items-middle\" data-id=\"43e1f54a\" data-element_type=\"section\">\n\t\t\t\t\t\t<div class=\"elementor-container elementor-column-gap-no\">\n\t\t\t\t\t<div class=\"elementor-column elementor-col-100 elementor-top-column elementor-element elementor-element-aa70f8b\" data-id=\"aa70f8b\" data-element_type=\"column\">\n\t\t\t<div class=\"elementor-widget-wrap elementor-element-populated\">\n\t\t\t\t\t\t\t\t<div class=\"elementor-element elementor-element-271f1075 elementor-widget elementor-widget-heading\" data-id=\"271f1075\" data-element_type=\"widget\" data-widget_type=\"heading.default\">\n\t\t\t\t<div class=\"elementor-widget-container\">\n\t\t\t<h4 class=\"elementor-heading-title elementor-size-default\">DMS<\/h4>\t\t<\/div>\n\t\t\t\t<\/div>\n\t\t\t\t<div class=\"elementor-element elementor-element-326488c elementor-widget elementor-widget-heading\" data-id=\"326488c\" data-element_type=\"widget\" data-widget_type=\"heading.default\">\n\t\t\t\t<div class=\"elementor-widget-container\">\n\t\t\t<h4 class=\"elementor-heading-title elementor-size-default\">AUTOSERVIS<\/h4>\t\t<\/div>\n\t\t\t\t<\/div>\n\t\t\t\t<div class=\"elementor-element elementor-element-10c44041 gallery-spacing-custom elementor-widget elementor-widget-image-gallery\" data-id=\"10c44041\" data-element_type=\"widget\" data-widget_type=\"image-gallery.default\">\n\t\t\t\t<div class=\"elementor-widget-container\">\n\t\t\t\t\t<div class=\"elementor-image-gallery\">\n\t\t\t<div id='gallery-1' class='gallery galleryid-605 gallery-columns-3 gallery-size-full'><figure class='gallery-item'>\n\t\t\t<div class='gallery-icon landscape'>\n\t\t\t\t<a data-elementor-open-lightbox=\"yes\" data-elementor-lightbox-slideshow=\"10c44041\" href='https:\/\/dmsservis.sk\/wp-content\/uploads\/2021\/06\/Napis-scaled.jpg'><img width=\"2560\" height=\"1706\" src=\"https:\/\/dmsservis.sk\/wp-content\/uploads\/2021\/06\/Napis-scaled.jpg\" class=\"attachment-full size-full\" alt=\"\" loading=\"lazy\" srcset=\"https:\/\/dmsservis.sk\/wp-content\/uploads\/2021\/06\/Napis-scaled.jpg 2560w, https:\/\/dmsservis.sk\/wp-content\/uploads\/2021\/06\/Napis-300x200.jpg 300w, https:\/\/dmsservis.sk\/wp-content\/uploads\/2021\/06\/Napis-1024x683.jpg 1024w, https:\/\/dmsservis.sk\/wp-content\/uploads\/2021\/06\/Napis-768x512.jpg 768w, https:\/\/dmsservis.sk\/wp-content\/uploads\/2021\/06\/Napis-1536x1024.jpg 1536w, https:\/\/dmsservis.sk\/wp-content\/uploads\/2021\/06\/Napis-2048x1365.jpg 2048w\" sizes=\"(max-width: 2560px) 100vw, 2560px\" \/><\/a>\n\t\t\t<\/div><\/figure><figure class='gallery-item'>\n\t\t\t<div class='gallery-icon landscape'>\n\t\t\t\t<a data-elementor-open-lightbox=\"yes\" data-elementor-lightbox-slideshow=\"10c44041\" href='https:\/\/dmsservis.sk\/wp-content\/uploads\/2021\/06\/Vchod-scaled.jpg'><img width=\"2560\" height=\"1707\" src=\"https:\/\/dmsservis.sk\/wp-content\/uploads\/2021\/06\/Vchod-scaled.jpg\" class=\"attachment-full size-full\" alt=\"\" loading=\"lazy\" srcset=\"https:\/\/dmsservis.sk\/wp-content\/uploads\/2021\/06\/Vchod-scaled.jpg 2560w, https:\/\/dmsservis.sk\/wp-content\/uploads\/2021\/06\/Vchod-300x200.jpg 300w, https:\/\/dmsservis.sk\/wp-content\/uploads\/2021\/06\/Vchod-1024x683.jpg 1024w, https:\/\/dmsservis.sk\/wp-content\/uploads\/2021\/06\/Vchod-768x512.jpg 768w, https:\/\/dmsservis.sk\/wp-content\/uploads\/2021\/06\/Vchod-1536x1024.jpg 1536w, https:\/\/dmsservis.sk\/wp-content\/uploads\/2021\/06\/Vchod-2048x1365.jpg 2048w\" sizes=\"(max-width: 2560px) 100vw, 2560px\" \/><\/a>\n\t\t\t<\/div><\/figure><figure class='gallery-item'>\n\t\t\t<div class='gallery-icon landscape'>\n\t\t\t\t<a data-elementor-open-lightbox=\"yes\" data-elementor-lightbox-slideshow=\"10c44041\" href='https:\/\/dmsservis.sk\/wp-content\/uploads\/2021\/06\/Servis-kopia-scaled.jpg'><img width=\"2560\" height=\"1707\" src=\"https:\/\/dmsservis.sk\/wp-content\/uploads\/2021\/06\/Servis-kopia-scaled.jpg\" class=\"attachment-full size-full\" alt=\"\" loading=\"lazy\" srcset=\"https:\/\/dmsservis.sk\/wp-content\/uploads\/2021\/06\/Servis-kopia-scaled.jpg 2560w, https:\/\/dmsservis.sk\/wp-content\/uploads\/2021\/06\/Servis-kopia-300x200.jpg 300w, https:\/\/dmsservis.sk\/wp-content\/uploads\/2021\/06\/Servis-kopia-1024x683.jpg 1024w, https:\/\/dmsservis.sk\/wp-content\/uploads\/2021\/06\/Servis-kopia-768x512.jpg 768w, https:\/\/dmsservis.sk\/wp-content\/uploads\/2021\/06\/Servis-kopia-1536x1024.jpg 1536w, https:\/\/dmsservis.sk\/wp-content\/uploads\/2021\/06\/Servis-kopia-2048x1365.jpg 2048w\" sizes=\"(max-width: 2560px) 100vw, 2560px\" \/><\/a>\n\t\t\t<\/div><\/figure><figure class='gallery-item'>\n\t\t\t<div class='gallery-icon landscape'>\n\t\t\t\t<a data-elementor-open-lightbox=\"yes\" data-elementor-lightbox-slideshow=\"10c44041\" href='https:\/\/dmsservis.sk\/wp-content\/uploads\/2021\/06\/servis.png'><img width=\"4692\" height=\"3129\" src=\"https:\/\/dmsservis.sk\/wp-content\/uploads\/2021\/06\/servis.png\" class=\"attachment-full size-full\" alt=\"\" loading=\"lazy\" srcset=\"https:\/\/dmsservis.sk\/wp-content\/uploads\/2021\/06\/servis.png 4692w, https:\/\/dmsservis.sk\/wp-content\/uploads\/2021\/06\/servis-300x200.png 300w, https:\/\/dmsservis.sk\/wp-content\/uploads\/2021\/06\/servis-1024x683.png 1024w, https:\/\/dmsservis.sk\/wp-content\/uploads\/2021\/06\/servis-768x512.png 768w, https:\/\/dmsservis.sk\/wp-content\/uploads\/2021\/06\/servis-1536x1024.png 1536w, https:\/\/dmsservis.sk\/wp-content\/uploads\/2021\/06\/servis-2048x1366.png 2048w\" sizes=\"(max-width: 4692px) 100vw, 4692px\" \/><\/a>\n\t\t\t<\/div><\/figure><figure class='gallery-item'>\n\t\t\t<div class='gallery-icon landscape'>\n\t\t\t\t<a data-elementor-open-lightbox=\"yes\" data-elementor-lightbox-slideshow=\"10c44041\" href='https:\/\/dmsservis.sk\/wp-content\/uploads\/2021\/06\/zdvihaky-scaled.jpg'><img width=\"2560\" height=\"1706\" src=\"https:\/\/dmsservis.sk\/wp-content\/uploads\/2021\/06\/zdvihaky-scaled.jpg\" class=\"attachment-full size-full\" alt=\"\" loading=\"lazy\" srcset=\"https:\/\/dmsservis.sk\/wp-content\/uploads\/2021\/06\/zdvihaky-scaled.jpg 2560w, https:\/\/dmsservis.sk\/wp-content\/uploads\/2021\/06\/zdvihaky-300x200.jpg 300w, https:\/\/dmsservis.sk\/wp-content\/uploads\/2021\/06\/zdvihaky-1024x683.jpg 1024w, https:\/\/dmsservis.sk\/wp-content\/uploads\/2021\/06\/zdvihaky-768x512.jpg 768w, https:\/\/dmsservis.sk\/wp-content\/uploads\/2021\/06\/zdvihaky-1536x1024.jpg 1536w, https:\/\/dmsservis.sk\/wp-content\/uploads\/2021\/06\/zdvihaky-2048x1365.jpg 2048w\" sizes=\"(max-width: 2560px) 100vw, 2560px\" \/><\/a>\n\t\t\t<\/div><\/figure><figure class='gallery-item'>\n\t\t\t<div class='gallery-icon landscape'>\n\t\t\t\t<a data-elementor-open-lightbox=\"yes\" data-elementor-lightbox-slideshow=\"10c44041\" href='https:\/\/dmsservis.sk\/wp-content\/uploads\/2021\/06\/Skrinka-scaled.jpg'><img width=\"2560\" height=\"1707\" src=\"https:\/\/dmsservis.sk\/wp-content\/uploads\/2021\/06\/Skrinka-scaled.jpg\" class=\"attachment-full size-full\" alt=\"\" loading=\"lazy\" srcset=\"https:\/\/dmsservis.sk\/wp-content\/uploads\/2021\/06\/Skrinka-scaled.jpg 2560w, https:\/\/dmsservis.sk\/wp-content\/uploads\/2021\/06\/Skrinka-300x200.jpg 300w, https:\/\/dmsservis.sk\/wp-content\/uploads\/2021\/06\/Skrinka-1024x683.jpg 1024w, https:\/\/dmsservis.sk\/wp-content\/uploads\/2021\/06\/Skrinka-768x512.jpg 768w, https:\/\/dmsservis.sk\/wp-content\/uploads\/2021\/06\/Skrinka-1536x1024.jpg 1536w, https:\/\/dmsservis.sk\/wp-content\/uploads\/2021\/06\/Skrinka-2048x1365.jpg 2048w\" sizes=\"(max-width: 2560px) 100vw, 2560px\" \/><\/a>\n\t\t\t<\/div><\/figure><figure class='gallery-item'>\n\t\t\t<div class='gallery-icon landscape'>\n\t\t\t\t<a data-elementor-open-lightbox=\"yes\" data-elementor-lightbox-slideshow=\"10c44041\" href='https:\/\/dmsservis.sk\/wp-content\/uploads\/2021\/06\/zvaranie-scaled.jpg'><img width=\"2560\" height=\"1707\" src=\"https:\/\/dmsservis.sk\/wp-content\/uploads\/2021\/06\/zvaranie-scaled.jpg\" class=\"attachment-full size-full\" alt=\"\" loading=\"lazy\" srcset=\"https:\/\/dmsservis.sk\/wp-content\/uploads\/2021\/06\/zvaranie-scaled.jpg 2560w, https:\/\/dmsservis.sk\/wp-content\/uploads\/2021\/06\/zvaranie-300x200.jpg 300w, https:\/\/dmsservis.sk\/wp-content\/uploads\/2021\/06\/zvaranie-1024x683.jpg 1024w, https:\/\/dmsservis.sk\/wp-content\/uploads\/2021\/06\/zvaranie-768x512.jpg 768w, https:\/\/dmsservis.sk\/wp-content\/uploads\/2021\/06\/zvaranie-1536x1024.jpg 1536w, https:\/\/dmsservis.sk\/wp-content\/uploads\/2021\/06\/zvaranie-2048x1365.jpg 2048w\" sizes=\"(max-width: 2560px) 100vw, 2560px\" \/><\/a>\n\t\t\t<\/div><\/figure><figure class='gallery-item'>\n\t\t\t<div class='gallery-icon landscape'>\n\t\t\t\t<a data-elementor-open-lightbox=\"yes\" data-elementor-lightbox-slideshow=\"10c44041\" href='https:\/\/dmsservis.sk\/wp-content\/uploads\/2021\/06\/dodavkove-scaled.jpg'><img width=\"2560\" height=\"1707\" src=\"https:\/\/dmsservis.sk\/wp-content\/uploads\/2021\/06\/dodavkove-scaled.jpg\" class=\"attachment-full size-full\" alt=\"\" loading=\"lazy\" srcset=\"https:\/\/dmsservis.sk\/wp-content\/uploads\/2021\/06\/dodavkove-scaled.jpg 2560w, https:\/\/dmsservis.sk\/wp-content\/uploads\/2021\/06\/dodavkove-300x200.jpg 300w, https:\/\/dmsservis.sk\/wp-content\/uploads\/2021\/06\/dodavkove-1024x683.jpg 1024w, https:\/\/dmsservis.sk\/wp-content\/uploads\/2021\/06\/dodavkove-768x512.jpg 768w, https:\/\/dmsservis.sk\/wp-content\/uploads\/2021\/06\/dodavkove-1536x1024.jpg 1536w, https:\/\/dmsservis.sk\/wp-content\/uploads\/2021\/06\/dodavkove-2048x1365.jpg 2048w\" sizes=\"(max-width: 2560px) 100vw, 2560px\" \/><\/a>\n\t\t\t<\/div><\/figure><figure class='gallery-item'>\n\t\t\t<div class='gallery-icon landscape'>\n\t\t\t\t<a data-elementor-open-lightbox=\"yes\" data-elementor-lightbox-slideshow=\"10c44041\" href='https:\/\/dmsservis.sk\/wp-content\/uploads\/2021\/06\/Lakovanie-scaled.jpg'><img width=\"2560\" height=\"1707\" src=\"https:\/\/dmsservis.sk\/wp-content\/uploads\/2021\/06\/Lakovanie-scaled.jpg\" class=\"attachment-full size-full\" alt=\"\" loading=\"lazy\" srcset=\"https:\/\/dmsservis.sk\/wp-content\/uploads\/2021\/06\/Lakovanie-scaled.jpg 2560w, https:\/\/dmsservis.sk\/wp-content\/uploads\/2021\/06\/Lakovanie-300x200.jpg 300w, https:\/\/dmsservis.sk\/wp-content\/uploads\/2021\/06\/Lakovanie-1024x683.jpg 1024w, https:\/\/dmsservis.sk\/wp-content\/uploads\/2021\/06\/Lakovanie-768x512.jpg 768w, https:\/\/dmsservis.sk\/wp-content\/uploads\/2021\/06\/Lakovanie-1536x1024.jpg 1536w, https:\/\/dmsservis.sk\/wp-content\/uploads\/2021\/06\/Lakovanie-2048x1365.jpg 2048w\" sizes=\"(max-width: 2560px) 100vw, 2560px\" \/><\/a>\n\t\t\t<\/div><\/figure><figure class='gallery-item'>\n\t\t\t<div class='gallery-icon landscape'>\n\t\t\t\t<a data-elementor-open-lightbox=\"yes\" data-elementor-lightbox-slideshow=\"10c44041\" href='https:\/\/dmsservis.sk\/wp-content\/uploads\/2021\/06\/klampiarske-scaled.jpg'><img width=\"2560\" height=\"1707\" src=\"https:\/\/dmsservis.sk\/wp-content\/uploads\/2021\/06\/klampiarske-scaled.jpg\" class=\"attachment-full size-full\" alt=\"\" loading=\"lazy\" srcset=\"https:\/\/dmsservis.sk\/wp-content\/uploads\/2021\/06\/klampiarske-scaled.jpg 2560w, https:\/\/dmsservis.sk\/wp-content\/uploads\/2021\/06\/klampiarske-300x200.jpg 300w, https:\/\/dmsservis.sk\/wp-content\/uploads\/2021\/06\/klampiarske-1024x683.jpg 1024w, https:\/\/dmsservis.sk\/wp-content\/uploads\/2021\/06\/klampiarske-768x512.jpg 768w, https:\/\/dmsservis.sk\/wp-content\/uploads\/2021\/06\/klampiarske-1536x1024.jpg 1536w, https:\/\/dmsservis.sk\/wp-content\/uploads\/2021\/06\/klampiarske-2048x1365.jpg 2048w\" sizes=\"(max-width: 2560px) 100vw, 2560px\" \/><\/a>\n\t\t\t<\/div><\/figure><figure class='gallery-item'>\n\t\t\t<div class='gallery-icon landscape'>\n\t\t\t\t<a data-elementor-open-lightbox=\"yes\" data-elementor-lightbox-slideshow=\"10c44041\" href='https:\/\/dmsservis.sk\/wp-content\/uploads\/2021\/06\/audi-scaled.jpg'><img width=\"2560\" height=\"1707\" src=\"https:\/\/dmsservis.sk\/wp-content\/uploads\/2021\/06\/audi-scaled.jpg\" class=\"attachment-full size-full\" alt=\"\" loading=\"lazy\" srcset=\"https:\/\/dmsservis.sk\/wp-content\/uploads\/2021\/06\/audi-scaled.jpg 2560w, https:\/\/dmsservis.sk\/wp-content\/uploads\/2021\/06\/audi-300x200.jpg 300w, https:\/\/dmsservis.sk\/wp-content\/uploads\/2021\/06\/audi-1024x683.jpg 1024w, https:\/\/dmsservis.sk\/wp-content\/uploads\/2021\/06\/audi-768x512.jpg 768w, https:\/\/dmsservis.sk\/wp-content\/uploads\/2021\/06\/audi-1536x1024.jpg 1536w, https:\/\/dmsservis.sk\/wp-content\/uploads\/2021\/06\/audi-2048x1365.jpg 2048w\" sizes=\"(max-width: 2560px) 100vw, 2560px\" \/><\/a>\n\t\t\t<\/div><\/figure><figure class='gallery-item'>\n\t\t\t<div class='gallery-icon landscape'>\n\t\t\t\t<a data-elementor-open-lightbox=\"yes\" data-elementor-lightbox-slideshow=\"10c44041\" href='https:\/\/dmsservis.sk\/wp-content\/uploads\/2021\/06\/PNEU-photo-scaled.jpg'><img width=\"2560\" height=\"1707\" src=\"https:\/\/dmsservis.sk\/wp-content\/uploads\/2021\/06\/PNEU-photo-scaled.jpg\" class=\"attachment-full size-full\" alt=\"\" loading=\"lazy\" srcset=\"https:\/\/dmsservis.sk\/wp-content\/uploads\/2021\/06\/PNEU-photo-scaled.jpg 2560w, https:\/\/dmsservis.sk\/wp-content\/uploads\/2021\/06\/PNEU-photo-300x200.jpg 300w, https:\/\/dmsservis.sk\/wp-content\/uploads\/2021\/06\/PNEU-photo-1024x683.jpg 1024w, https:\/\/dmsservis.sk\/wp-content\/uploads\/2021\/06\/PNEU-photo-768x512.jpg 768w, https:\/\/dmsservis.sk\/wp-content\/uploads\/2021\/06\/PNEU-photo-1536x1024.jpg 1536w, https:\/\/dmsservis.sk\/wp-content\/uploads\/2021\/06\/PNEU-photo-2048x1365.jpg 2048w\" sizes=\"(max-width: 2560px) 100vw, 2560px\" \/><\/a>\n\t\t\t<\/div><\/figure><figure class='gallery-item'>\n\t\t\t<div class='gallery-icon landscape'>\n\t\t\t\t<a data-elementor-open-lightbox=\"yes\" data-elementor-lightbox-slideshow=\"10c44041\" href='https:\/\/dmsservis.sk\/wp-content\/uploads\/2021\/06\/umyvanie-1-scaled.jpg'><img width=\"2560\" height=\"1707\" src=\"https:\/\/dmsservis.sk\/wp-content\/uploads\/2021\/06\/umyvanie-1-scaled.jpg\" class=\"attachment-full size-full\" alt=\"\" loading=\"lazy\" srcset=\"https:\/\/dmsservis.sk\/wp-content\/uploads\/2021\/06\/umyvanie-1-scaled.jpg 2560w, https:\/\/dmsservis.sk\/wp-content\/uploads\/2021\/06\/umyvanie-1-300x200.jpg 300w, https:\/\/dmsservis.sk\/wp-content\/uploads\/2021\/06\/umyvanie-1-1024x683.jpg 1024w, https:\/\/dmsservis.sk\/wp-content\/uploads\/2021\/06\/umyvanie-1-768x512.jpg 768w, https:\/\/dmsservis.sk\/wp-content\/uploads\/2021\/06\/umyvanie-1-1536x1024.jpg 1536w, https:\/\/dmsservis.sk\/wp-content\/uploads\/2021\/06\/umyvanie-1-2048x1365.jpg 2048w\" sizes=\"(max-width: 2560px) 100vw, 2560px\" \/><\/a>\n\t\t\t<\/div><\/figure><figure class='gallery-item'>\n\t\t\t<div class='gallery-icon landscape'>\n\t\t\t\t<a data-elementor-open-lightbox=\"yes\" data-elementor-lightbox-slideshow=\"10c44041\" href='https:\/\/dmsservis.sk\/wp-content\/uploads\/2021\/06\/trabantik-scaled.jpg'><img width=\"2560\" height=\"1707\" src=\"https:\/\/dmsservis.sk\/wp-content\/uploads\/2021\/06\/trabantik-scaled.jpg\" class=\"attachment-full size-full\" alt=\"\" loading=\"lazy\" srcset=\"https:\/\/dmsservis.sk\/wp-content\/uploads\/2021\/06\/trabantik-scaled.jpg 2560w, https:\/\/dmsservis.sk\/wp-content\/uploads\/2021\/06\/trabantik-300x200.jpg 300w, https:\/\/dmsservis.sk\/wp-content\/uploads\/2021\/06\/trabantik-1024x683.jpg 1024w, https:\/\/dmsservis.sk\/wp-content\/uploads\/2021\/06\/trabantik-768x512.jpg 768w, https:\/\/dmsservis.sk\/wp-content\/uploads\/2021\/06\/trabantik-1536x1024.jpg 1536w, https:\/\/dmsservis.sk\/wp-content\/uploads\/2021\/06\/trabantik-2048x1365.jpg 2048w\" sizes=\"(max-width: 2560px) 100vw, 2560px\" \/><\/a>\n\t\t\t<\/div><\/figure><figure class='gallery-item'>\n\t\t\t<div class='gallery-icon landscape'>\n\t\t\t\t<a data-elementor-open-lightbox=\"yes\" data-elementor-lightbox-slideshow=\"10c44041\" href='https:\/\/dmsservis.sk\/wp-content\/uploads\/2021\/06\/parkovisko-scaled.jpg'><img width=\"2560\" height=\"1707\" src=\"https:\/\/dmsservis.sk\/wp-content\/uploads\/2021\/06\/parkovisko-scaled.jpg\" class=\"attachment-full size-full\" alt=\"\" loading=\"lazy\" srcset=\"https:\/\/dmsservis.sk\/wp-content\/uploads\/2021\/06\/parkovisko-scaled.jpg 2560w, https:\/\/dmsservis.sk\/wp-content\/uploads\/2021\/06\/parkovisko-300x200.jpg 300w, https:\/\/dmsservis.sk\/wp-content\/uploads\/2021\/06\/parkovisko-1024x683.jpg 1024w, https:\/\/dmsservis.sk\/wp-content\/uploads\/2021\/06\/parkovisko-768x512.jpg 768w, https:\/\/dmsservis.sk\/wp-content\/uploads\/2021\/06\/parkovisko-1536x1024.jpg 1536w, https:\/\/dmsservis.sk\/wp-content\/uploads\/2021\/06\/parkovisko-2048x1365.jpg 2048w\" sizes=\"(max-width: 2560px) 100vw, 2560px\" \/><\/a>\n\t\t\t<\/div><\/figure>\n\t\t<\/div>\n\t\t<\/div>\n\t\t\t\t<\/div>\n\t\t\t\t<\/div>\n\t\t\t\t\t<\/div>\n\t\t<\/div>\n\t\t\t\t\t\t\t<\/div>\n\t\t<\/section>\n\t\t\t\t\t\t<\/div>\n\t\t\t\t\t<\/div>\n\t\t","protected":false},"excerpt":{"rendered":"<p>DMS AUTOSERVIS<\/p>\n","protected":false},"author":1,"featured_media":0,"parent":0,"menu_order":0,"comment_status":"closed","ping_status":"closed","template":"elementor_header_footer","meta":{"_monsterinsights_skip_tracking":false,"_monsterinsights_sitenote_active":false,"_monsterinsights_sitenote_note":"","_monsterinsights_sitenote_category":0},"yoast_head":"<!-- This site is optimized with the Yoast SEO plugin v16.1.1 - https:\/\/yoast.com\/wordpress\/plugins\/seo\/ -->\n<title>GAL\u00c9RIA - dmsservis.sk<\/title>\n<link rel=\"canonical\" href=\"https:\/\/dmsservis.sk\/?page_id=605\" \/>\n<meta property=\"og:locale\" content=\"sk_SK\" \/>\n<meta property=\"og:type\" content=\"article\" \/>\n<meta property=\"og:title\" content=\"GAL\u00c9RIA - dmsservis.sk\" \/>\n<meta property=\"og:description\" content=\"DMS AUTOSERVIS\" \/>\n<meta property=\"og:url\" content=\"https:\/\/dmsservis.sk\/?page_id=605\" \/>\n<meta property=\"og:site_name\" content=\"dmsservis.sk\" \/>\n<meta property=\"article:modified_time\" content=\"2021-08-02T09:12:01+00:00\" \/>\n<meta property=\"og:image\" content=\"http:\/\/d.r1.wbsprt.com\/dmsservis.sk\/wp-content\/uploads\/2021\/06\/Napis-scaled.jpg\" \/>\n<meta name=\"twitter:card\" content=\"summary_large_image\" \/>\n<meta name=\"twitter:label1\" content=\"Predpokladan\u00fd \u010das \u010d\u00edtania\">\n\t<meta name=\"twitter:data1\" content=\"4 min\u00faty\">\n<script type=\"application\/ld+json\" class=\"yoast-schema-graph\">{\"@context\":\"https:\/\/schema.org\",\"@graph\":[{\"@type\":\"WebSite\",\"@id\":\"https:\/\/dmsservis.sk\/#website\",\"url\":\"https:\/\/dmsservis.sk\/\",\"name\":\"dmsservis.sk\",\"description\":\"\",\"potentialAction\":[{\"@type\":\"SearchAction\",\"target\":\"https:\/\/dmsservis.sk\/?s={search_term_string}\",\"query-input\":\"required name=search_term_string\"}],\"inLanguage\":\"sk-SK\"},{\"@type\":\"ImageObject\",\"@id\":\"https:\/\/dmsservis.sk\/?page_id=605#primaryimage\",\"inLanguage\":\"sk-SK\",\"url\":\"http:\/\/d.r1.wbsprt.com\/dmsservis.sk\/wp-content\/uploads\/2021\/06\/Napis-scaled.jpg\",\"contentUrl\":\"http:\/\/d.r1.wbsprt.com\/dmsservis.sk\/wp-content\/uploads\/2021\/06\/Napis-scaled.jpg\"},{\"@type\":\"WebPage\",\"@id\":\"https:\/\/dmsservis.sk\/?page_id=605#webpage\",\"url\":\"https:\/\/dmsservis.sk\/?page_id=605\",\"name\":\"GAL\\u00c9RIA - dmsservis.sk\",\"isPartOf\":{\"@id\":\"https:\/\/dmsservis.sk\/#website\"},\"primaryImageOfPage\":{\"@id\":\"https:\/\/dmsservis.sk\/?page_id=605#primaryimage\"},\"datePublished\":\"2021-06-01T12:19:02+00:00\",\"dateModified\":\"2021-08-02T09:12:01+00:00\",\"breadcrumb\":{\"@id\":\"https:\/\/dmsservis.sk\/?page_id=605#breadcrumb\"},\"inLanguage\":\"sk-SK\",\"potentialAction\":[{\"@type\":\"ReadAction\",\"target\":[\"https:\/\/dmsservis.sk\/?page_id=605\"]}]},{\"@type\":\"BreadcrumbList\",\"@id\":\"https:\/\/dmsservis.sk\/?page_id=605#breadcrumb\",\"itemListElement\":[{\"@type\":\"ListItem\",\"position\":1,\"item\":{\"@type\":\"WebPage\",\"@id\":\"https:\/\/dmsservis.sk\/\",\"url\":\"https:\/\/dmsservis.sk\/\",\"name\":\"Home\"}},{\"@type\":\"ListItem\",\"position\":2,\"item\":{\"@type\":\"WebPage\",\"@id\":\"https:\/\/dmsservis.sk\/?page_id=605\",\"url\":\"https:\/\/dmsservis.sk\/?page_id=605\",\"name\":\"GAL\\u00c9RIA\"}}]}]}<\/script>\n<!-- \/ Yoast SEO plugin. -->","_links":{"self":[{"href":"https:\/\/dmsservis.sk\/index.php?rest_route=\/wp\/v2\/pages\/605"}],"collection":[{"href":"https:\/\/dmsservis.sk\/index.php?rest_route=\/wp\/v2\/pages"}],"about":[{"href":"https:\/\/dmsservis.sk\/index.php?rest_route=\/wp\/v2\/types\/page"}],"author":[{"embeddable":true,"href":"https:\/\/dmsservis.sk\/index.php?rest_route=\/wp\/v2\/users\/1"}],"replies":[{"embeddable":true,"href":"https:\/\/dmsservis.sk\/index.php?rest_route=%2Fwp%2Fv2%2Fcomments&post=605"}],"version-history":[{"count":6,"href":"https:\/\/dmsservis.sk\/index.php?rest_route=\/wp\/v2\/pages\/605\/revisions"}],"predecessor-version":[{"id":1303,"href":"https:\/\/dmsservis.sk\/index.php?rest_route=\/wp\/v2\/pages\/605\/revisions\/1303"}],"wp:attachment":[{"href":"https:\/\/dmsservis.sk\/index.php?rest_route=%2Fwp%2Fv2%2Fmedia&parent=605"}],"curies":[{"name":"wp","href":"https:\/\/api.w.org\/{rel}","templated":true}]}}