{"id":597,"date":"2021-06-01T14:11:52","date_gmt":"2021-06-01T12:11:52","guid":{"rendered":"http:\/\/d.r1.wbsprt.com\/dmsservis.sk\/?page_id=597"},"modified":"2021-08-02T11:19:55","modified_gmt":"2021-08-02T09:19:55","slug":"oprava-karoserii","status":"publish","type":"page","link":"https:\/\/dmsservis.sk\/?page_id=597","title":{"rendered":"OPRAVA KAROS\u00c9RI\u00cd"},"content":{"rendered":"\t\t<div data-elementor-type=\"wp-page\" data-elementor-id=\"597\" class=\"elementor elementor-597\" data-elementor-settings=\"[]\">\n\t\t\t\t\t\t\t<div class=\"elementor-section-wrap\">\n\t\t\t\t\t\t\t<section class=\"elementor-section elementor-top-section elementor-element elementor-element-b4589e2 elementor-section-height-min-height elementor-section-boxed elementor-section-height-default elementor-section-items-middle\" data-id=\"b4589e2\" data-element_type=\"section\">\n\t\t\t\t\t\t<div class=\"elementor-container elementor-column-gap-default\">\n\t\t\t\t\t<div class=\"elementor-column elementor-col-100 elementor-top-column elementor-element elementor-element-025361c\" data-id=\"025361c\" data-element_type=\"column\">\n\t\t\t<div class=\"elementor-widget-wrap elementor-element-populated\">\n\t\t\t\t\t\t\t\t<div class=\"elementor-element elementor-element-2fd9333 elementor-widget elementor-widget-heading\" data-id=\"2fd9333\" data-element_type=\"widget\" data-widget_type=\"heading.default\">\n\t\t\t\t<div class=\"elementor-widget-container\">\n\t\t\t<h2 class=\"elementor-heading-title elementor-size-default\">Oprava karos\u00e9ri\u00ed<\/h2>\t\t<\/div>\n\t\t\t\t<\/div>\n\t\t\t\t\t<\/div>\n\t\t<\/div>\n\t\t\t\t\t\t\t<\/div>\n\t\t<\/section>\n\t\t\t\t<section class=\"elementor-section elementor-top-section elementor-element elementor-element-65513d2a elementor-section-height-min-height elementor-section-boxed elementor-section-height-default elementor-section-items-middle\" data-id=\"65513d2a\" data-element_type=\"section\" data-settings=\"{&quot;background_background&quot;:&quot;classic&quot;}\">\n\t\t\t\t\t\t<div class=\"elementor-container elementor-column-gap-default\">\n\t\t\t\t\t<div class=\"elementor-column elementor-col-25 elementor-top-column elementor-element elementor-element-40753fc6\" data-id=\"40753fc6\" data-element_type=\"column\">\n\t\t\t<div class=\"elementor-widget-wrap elementor-element-populated\">\n\t\t\t\t\t\t\t\t<div class=\"elementor-element elementor-element-441ff033 elementor-view-default elementor-widget elementor-widget-icon\" data-id=\"441ff033\" data-element_type=\"widget\" data-widget_type=\"icon.default\">\n\t\t\t\t<div class=\"elementor-widget-container\">\n\t\t\t\t\t<div class=\"elementor-icon-wrapper\">\n\t\t\t<div class=\"elementor-icon\">\n\t\t\t<svg xmlns=\"http:\/\/www.w3.org\/2000\/svg\" xmlns:xlink=\"http:\/\/www.w3.org\/1999\/xlink\" id=\"Capa_1\" x=\"0px\" y=\"0px\" viewBox=\"0 0 512.002 512.002\" style=\"enable-background:new 0 0 512.002 512.002;\" xml:space=\"preserve\">\n<g>\n\t<g>\n\t\t<g>\n\t\t\t<path d=\"M100.771,171.796c-5.271-2.625-11.677-0.5-14.313,4.771l-21.333,42.667c-2.635,5.271-0.5,11.677,4.771,14.313     c1.531,0.76,3.156,1.125,4.76,1.125c3.917,0,7.677-2.156,9.552-5.896l21.333-42.667     C108.177,180.838,106.042,174.432,100.771,171.796z\"><\/path>\n\t\t\t<path d=\"M143.438,171.796c-5.271-2.625-11.667-0.5-14.313,4.771L86.459,261.9c-2.635,5.271-0.5,11.677,4.771,14.313     c1.531,0.76,3.156,1.125,4.76,1.125c3.917,0,7.677-2.156,9.552-5.896l42.667-85.333     C150.844,180.838,148.709,174.432,143.438,171.796z\"><\/path>\n\t\t\t<path d=\"M509.323,174.265c-0.938-1.063-23.51-26.188-70.729-49.531c-4.417-2.177-9.75-1.052-12.927,2.729l-39.198,47.042     c-2.365,2.844-3.094,6.698-1.917,10.208l19.24,57.74l-27.385,27.396l7.042-21.135c1.042-3.125,0.583-6.552-1.24-9.292     l-39.229-58.854l33.188-66.375c1.438-2.885,1.5-6.26,0.167-9.188c-1.333-2.927-3.917-5.104-7.031-5.906     c-35.26-9.135-73.385-13.76-113.302-13.76c-173.51,0-250.177,85.344-253.365,88.979c-2.354,2.688-3.198,6.375-2.26,9.823     l64,234.667c0.938,3.427,3.521,6.146,6.885,7.281c3.333,1.167,7.073,0.531,9.896-1.615c0.531-0.406,54.594-40.469,174.844-40.469     s174.313,40.063,174.844,40.469c1.885,1.427,4.177,2.177,6.49,2.177c1.146,0,2.302-0.177,3.406-0.563     c3.365-1.135,5.948-3.854,6.885-7.281l64-234.667C512.573,180.671,511.708,176.963,509.323,174.265z M430.813,399.369     C407.271,386.39,351.229,362.671,256,362.671S104.729,386.39,81.188,399.369L22.563,184.432     c17-16.313,90.552-77.76,233.437-77.76c33.292,0,65.208,3.354,95.083,9.99l-29.958,59.906c-1.708,3.427-1.458,7.5,0.667,10.688     l39.771,59.656l-19.677,59.052c-1.573,4.698,0.302,9.844,4.51,12.448c4.188,2.615,9.646,1.979,13.146-1.531l64-64     c2.854-2.854,3.854-7.083,2.573-10.917l-19.448-58.365l29.938-35.917c28.115,14.875,45.542,29.865,52.823,36.792L430.813,399.369     z\"><\/path>\n\t\t<\/g>\n\t<\/g>\n<\/g>\n<g>\n<\/g>\n<g>\n<\/g>\n<g>\n<\/g>\n<g>\n<\/g>\n<g>\n<\/g>\n<g>\n<\/g>\n<g>\n<\/g>\n<g>\n<\/g>\n<g>\n<\/g>\n<g>\n<\/g>\n<g>\n<\/g>\n<g>\n<\/g>\n<g>\n<\/g>\n<g>\n<\/g>\n<g>\n<\/g>\n<\/svg>\t\t\t<\/div>\n\t\t<\/div>\n\t\t\t\t<\/div>\n\t\t\t\t<\/div>\n\t\t\t\t<div class=\"elementor-element elementor-element-9ae334b elementor-widget elementor-widget-heading\" data-id=\"9ae334b\" data-element_type=\"widget\" data-widget_type=\"heading.default\">\n\t\t\t\t<div class=\"elementor-widget-container\">\n\t\t\t<h2 class=\"elementor-heading-title elementor-size-default\">V\u00fdmena \u010deln\u00fdch skiel<\/h2>\t\t<\/div>\n\t\t\t\t<\/div>\n\t\t\t\t\t<\/div>\n\t\t<\/div>\n\t\t\t\t<div class=\"elementor-column elementor-col-25 elementor-top-column elementor-element elementor-element-75ad64e9\" data-id=\"75ad64e9\" data-element_type=\"column\">\n\t\t\t<div class=\"elementor-widget-wrap elementor-element-populated\">\n\t\t\t\t\t\t\t\t<div class=\"elementor-element elementor-element-4efa21d6 elementor-view-default elementor-widget elementor-widget-icon\" data-id=\"4efa21d6\" data-element_type=\"widget\" data-widget_type=\"icon.default\">\n\t\t\t\t<div class=\"elementor-widget-container\">\n\t\t\t\t\t<div class=\"elementor-icon-wrapper\">\n\t\t\t<div class=\"elementor-icon\">\n\t\t\t<svg xmlns=\"http:\/\/www.w3.org\/2000\/svg\" xmlns:xlink=\"http:\/\/www.w3.org\/1999\/xlink\" x=\"0px\" y=\"0px\" viewBox=\"0 0 60 28\" style=\"enable-background:new 0 0 60 28;\" xml:space=\"preserve\" width=\"512\" height=\"512\">\n<g id=\"_x32_5-Car_Light\">\n\t<path d=\"M59,28H27C12.112,28,0,15.888,0,1c0-0.552,0.448-1,1-1h32c14.888,0,27,12.112,27,27C60,27.552,59.552,28,59,28z M2.02,2   C2.546,15.323,13.55,26,27,26h30.98C57.454,12.677,46.45,2,33,2H2.02z\"><\/path>\n\t<path d=\"M29,19c-2.757,0-5-2.243-5-5s2.243-5,5-5c0.552,0,1,0.448,1,1s-0.448,1-1,1c-1.654,0-3,1.346-3,3s1.346,3,3,3s3-1.346,3-3   c0-0.552,0.448-1,1-1s1,0.448,1,1C34,16.757,31.757,19,29,19z\"><\/path>\n\t<path d=\"M11,14c-2.757,0-5-2.243-5-5s2.243-5,5-5s5,2.243,5,5S13.757,14,11,14z M11,6C9.346,6,8,7.346,8,9s1.346,3,3,3s3-1.346,3-3   S12.654,6,11,6z\"><\/path>\n\t<path d=\"M29,24c-5.514,0-10-4.486-10-10S23.486,4,29,4s10,4.486,10,10S34.514,24,29,24z M29,6c-4.411,0-8,3.589-8,8s3.589,8,8,8   s8-3.589,8-8S33.411,6,29,6z\"><\/path>\n\t<path d=\"M59,28H41c-0.552,0-1-0.448-1-1v-4c0-1.654,1.346-3,3-3h15.296c0.464,0,0.866,0.319,0.973,0.77   C59.754,22.821,60,24.917,60,27C60,27.552,59.552,28,59,28z M42,26h15.98c-0.054-1.337-0.218-2.677-0.487-4H43   c-0.552,0-1,0.449-1,1V26z\"><\/path>\n<\/g>\n\n<\/svg>\t\t\t<\/div>\n\t\t<\/div>\n\t\t\t\t<\/div>\n\t\t\t\t<\/div>\n\t\t\t\t<div class=\"elementor-element elementor-element-426b2e0f elementor-widget elementor-widget-heading\" data-id=\"426b2e0f\" data-element_type=\"widget\" data-widget_type=\"heading.default\">\n\t\t\t\t<div class=\"elementor-widget-container\">\n\t\t\t<h2 class=\"elementor-heading-title elementor-size-default\">Le\u0161tenie svetiel<\/h2>\t\t<\/div>\n\t\t\t\t<\/div>\n\t\t\t\t\t<\/div>\n\t\t<\/div>\n\t\t\t\t<div class=\"elementor-column elementor-col-25 elementor-top-column elementor-element elementor-element-35818297\" data-id=\"35818297\" data-element_type=\"column\">\n\t\t\t<div class=\"elementor-widget-wrap elementor-element-populated\">\n\t\t\t\t\t\t\t\t<div class=\"elementor-element elementor-element-69c0cdd4 elementor-view-default elementor-widget elementor-widget-icon\" data-id=\"69c0cdd4\" data-element_type=\"widget\" data-widget_type=\"icon.default\">\n\t\t\t\t<div class=\"elementor-widget-container\">\n\t\t\t\t\t<div class=\"elementor-icon-wrapper\">\n\t\t\t<div class=\"elementor-icon\">\n\t\t\t<svg xmlns=\"http:\/\/www.w3.org\/2000\/svg\" id=\"Layer_3\" height=\"512\" viewBox=\"0 0 64 64\" width=\"512\"><path d=\"m62.275 22.039-13.639-3.897-8.432-13.032c-1.665-2.573-4.49-4.11-7.556-4.11h-16.291c-3.661 0-6.927 2.188-8.322 5.573l-4.705 11.427h-2.33v2h3c.405 0 .771-.245.925-.619l4.96-12.046c1.084-2.633 3.625-4.335 6.472-4.335h16.291c2.385 0 4.582 1.195 5.877 3.197l8.636 13.346c.131.203.332.352.564.418l9.275 2.651v5.388c0 .552.448 1 1 1h3v6h-4.059c-.5-4.493-4.317-8-8.941-8s-8.441 3.507-8.941 8h-4.059c0-2.757-2.243-5-5-5h-24c-2.757 0-5 2.243-5 5v27c0 .552.448 1 1 1h5 2 10 2 9c.552 0 1-.448 1-1v-21h3c.552 0 1-.448 1-1v-3h4.059c.5 4.493 4.317 8 8.941 8s8.441-3.507 8.941-8h5.059c.552 0 1-.448 1-1v-13c0-.446-.296-.839-.725-.961zm-59.275 38.961v-26c0-1.654 1.346-3 3-3s3 1.346 3 3v5 2.184c-.314-.112-.648-.184-1-.184-1.654 0-3 1.346-3 3v11c0 .265.105.52.293.707l1.707 1.707v2.586zm6 0v-3c0-.265-.105-.52-.293-.707l-1.707-1.707v-10.586c0-.551.449-1 1-1s1 .449 1 1v3h2v-3-4h2v7h2v-7h2v7h2v-7h2v10 3h2v-3c0-.551.449-1 1-1s1 .449 1 1v3.465l-5.555 3.703c-.278.186-.445.498-.445.832v2zm20 0h-8v-1.465l5.555-3.703c.278-.186.445-.498.445-.832v-4c0-1.654-1.346-3-3-3-.352 0-.686.072-1 .184v-7.184h6zm4-22h-22v-4c0-1.125-.374-2.164-1.002-3h20.002c1.654 0 3 1.346 3 3zm15 4c-3.86 0-7-3.14-7-7s3.14-7 7-7 7 3.14 7 7-3.14 7-7 7zm11-16v-3.817l2 .571v3.246z\"><\/path><path d=\"m48 31c-2.757 0-5 2.243-5 5s2.243 5 5 5 5-2.243 5-5-2.243-5-5-5zm0 8c-1.654 0-3-1.346-3-3s1.346-3 3-3 3 1.346 3 3-1.346 3-3 3z\"><\/path><path d=\"m42.873 19.488c.177-.316.168-.703-.021-1.012l-6.829-11.096c-.903-1.468-2.535-2.38-4.258-2.38h-15.018c-2.054 0-3.929 1.288-4.667 3.205l-4.014 10.436c-.118.308-.077.653.109.925.187.272.495.434.825.434h33c.362 0 .696-.196.873-.512zm-28.926-10.565c.443-1.15 1.568-1.923 2.8-1.923h7.253v11h-13.544zm12.053 9.077v-11h5.765c1.034 0 2.013.547 2.555 1.428l5.89 9.572z\"><\/path><path d=\"m24 22h4v2h-4z\"><\/path><path d=\"m8 22h4v2h-4z\"><\/path><path d=\"m50 56c-2.206 0-4-1.794-4-4 0-.552-.448-1-1-1s-1 .448-1 1c0 2.206-1.794 4-4 4-.552 0-1 .448-1 1s.448 1 1 1c2.206 0 4 1.794 4 4 0 .552.448 1 1 1s1-.448 1-1c0-2.206 1.794-4 4-4 .552 0 1-.448 1-1s-.448-1-1-1zm-5 2.687c-.444-.668-1.019-1.242-1.687-1.687.668-.444 1.242-1.019 1.687-1.687.444.668 1.019 1.242 1.687 1.687-.668.444-1.243 1.019-1.687 1.687z\"><\/path><path d=\"m62 49c-2.206 0-4-1.794-4-4 0-.552-.448-1-1-1s-1 .448-1 1c0 2.206-1.794 4-4 4-.552 0-1 .448-1 1s.448 1 1 1c2.206 0 4 1.794 4 4 0 .552.448 1 1 1s1-.448 1-1c0-2.206 1.794-4 4-4 .552 0 1-.448 1-1s-.448-1-1-1zm-5 2.687c-.444-.668-1.019-1.242-1.687-1.687.668-.444 1.242-1.019 1.687-1.687.444.668 1.019 1.242 1.687 1.687-.668.444-1.243 1.019-1.687 1.687z\"><\/path><path d=\"m52 8c2.206 0 4 1.794 4 4 0 .552.448 1 1 1s1-.448 1-1c0-2.206 1.794-4 4-4 .552 0 1-.448 1-1s-.448-1-1-1c-2.206 0-4-1.794-4-4 0-.552-.448-1-1-1s-1 .448-1 1c0 2.206-1.794 4-4 4-.552 0-1 .448-1 1s.448 1 1 1zm5-2.687c.444.668 1.019 1.243 1.687 1.687-.668.444-1.243 1.019-1.687 1.687-.444-.668-1.019-1.243-1.687-1.687.668-.444 1.243-1.019 1.687-1.687z\"><\/path><\/svg>\t\t\t<\/div>\n\t\t<\/div>\n\t\t\t\t<\/div>\n\t\t\t\t<\/div>\n\t\t\t\t<div class=\"elementor-element elementor-element-53cb92cb elementor-widget elementor-widget-heading\" data-id=\"53cb92cb\" data-element_type=\"widget\" data-widget_type=\"heading.default\">\n\t\t\t\t<div class=\"elementor-widget-container\">\n\t\t\t<h2 class=\"elementor-heading-title elementor-size-default\">Le\u0161tenie \u0161krabancov<\/h2>\t\t<\/div>\n\t\t\t\t<\/div>\n\t\t\t\t\t<\/div>\n\t\t<\/div>\n\t\t\t\t<div class=\"elementor-column elementor-col-25 elementor-top-column elementor-element elementor-element-4b149fef\" data-id=\"4b149fef\" data-element_type=\"column\">\n\t\t\t<div class=\"elementor-widget-wrap elementor-element-populated\">\n\t\t\t\t\t\t\t\t<div class=\"elementor-element elementor-element-137ffa36 elementor-view-default elementor-widget elementor-widget-icon\" data-id=\"137ffa36\" data-element_type=\"widget\" data-widget_type=\"icon.default\">\n\t\t\t\t<div class=\"elementor-widget-container\">\n\t\t\t\t\t<div class=\"elementor-icon-wrapper\">\n\t\t\t<div class=\"elementor-icon\">\n\t\t\t<svg xmlns=\"http:\/\/www.w3.org\/2000\/svg\" height=\"512\" viewBox=\"0 0 64 64\" width=\"512\"><path d=\"m9.593 38.923h2v4h-2z\" transform=\"matrix(.139 -.99 .99 .139 -31.406 45.712)\"><\/path><path d=\"m16.835 53.059h2v2h-2z\" transform=\"matrix(.139 -.99 .99 .139 -38.18 64.197)\"><\/path><path d=\"m62.087 29.481-.174-1.992-20.061 1.756a3 3 0 0 0 -2.7 2.493l-.91 5.462a2 2 0 0 0 1.986 2.22 1.74 1.74 0 0 0 .176-.008l16.716-1.465 1.221 13.947-6.056.53a6.991 6.991 0 0 0 -13.79 1.206l-3.067.268a.982.982 0 0 1 -.728-.231.994.994 0 0 1 -.355-.678l-.087-1 2.988-.262-.175-1.992-2.988.265-.09-1.028 3.522-2.116a1 1 0 0 0 .192-1.564l-1.293-1.292 1.293-1.293a1 1 0 0 0 -.26-1.6l-3.447-1.724c.09-.353.178-.707.293-1.052l3.762-9.131a2.989 2.989 0 0 1 2.513-1.847l20.613-1.8a3.142 3.142 0 0 1 .679.018l.28-1.98a5.1 5.1 0 0 0 -1.133-.03l-20.614 1.8a4.983 4.983 0 0 0 -4.188 3.079l-3.781 9.2a16.9 16.9 0 0 0 -.849 4.552 7.08 7.08 0 0 0 -.816-1.405 6.957 6.957 0 0 0 -4.616-2.719l-1.593-.224 5.323-3.548 1.42 1.42 1.414-1.414-2-2a1 1 0 0 0 -1.262-.125l-7.18 4.786-6.618-10.681a4.994 4.994 0 0 0 -3.553-2.316l-9.955-1.4-.278 1.981 9.954 1.4a2.994 2.994 0 0 1 2.133 1.389l.632 1.019-12.441-1.748-.278 1.98 4.321.608-.835 5.941-3.208-.45-.278 1.98 3.208.451-1.949 13.864-.981-.138-.278 1.98 8.981 1.262a7 7 0 0 0 7 6.974 7.012 7.012 0 0 0 6.711-5.047l3.049.428a3.019 3.019 0 0 0 .423.03 3 3 0 0 0 2.965-2.583l.88-6.267.486 5.543a3.006 3.006 0 0 0 2.982 2.737c.088 0 .176 0 .264-.011l3.068-.269a7.008 7.008 0 0 0 6.8 5.4q.306 0 .615-.027a6.986 6.986 0 0 0 6.372-6.58l9.628-.843-.174-1.992-1.58.138-1.22-13.947 2.974-.26-.174-1.992-2.974.268-.522-5.985zm-31.967 16.206-.14.99-3.96-.557.278-1.98 3.861.542a5.063 5.063 0 0 1 -.039 1.005zm-21.957-16.214 7.783 1.094v-.006l4.121 6.644-12.74-1.79zm14.624 25.281a5 5 0 0 1 -8.945 2.313 5 5 0 0 1 3.983-8.009 5.1 5.1 0 0 1 .706.049 5.007 5.007 0 0 1 4.256 5.647zm5.09-.294-3.05-.429a6.993 6.993 0 0 0 -11.2-5.563 6.934 6.934 0 0 0 -2.5 3.637l-6.027-.846 1.949-13.859 14.851 2.083 3.961.557a4.726 4.726 0 0 1 3.659 2.533l-2.947-.414a2 2 0 0 0 -2.259 1.7l-.278 1.98a2 2 0 0 0 1.7 2.26l3.961.556-.278 1.981-2.971-.417-.278 1.98 2.971.418-.14.99a1 1 0 0 1 -1.124.853zm7.435-12.186-1.019 1.019a1 1 0 0 0 0 1.414l1.095 1.093-1.589.955-.209-2.388a15.16 15.16 0 0 1 .035-2.938zm15.146 11.313a5 5 0 1 1 -5.416-4.545c.148-.013.3-.02.444-.02a5 5 0 0 1 4.972 4.565zm6.489-17.62-16.725 1.505.905-5.4a1 1 0 0 1 .9-.831l14.4-1.26z\"><\/path><path d=\"m41.435 41.156h4v2h-4z\" transform=\"matrix(.996 -.087 .087 .996 -3.509 3.946)\"><\/path><path d=\"m44.477 53.023h2v2h-2z\" transform=\"matrix(.996 -.087 .087 .996 -4.548 4.182)\"><\/path><path d=\"m18.293 26.707 1.414-1.414-1.293-1.293h2.586a1 1 0 0 0 1-1v-2.586l3.293 3.293a1 1 0 0 0 1.414 0l3.293-3.293v2.586a1 1 0 0 0 1 1h3.586l-2.293 2.293 1.414 1.414 4-4a1 1 0 0 0 -.707-1.707h-5v-4a1 1 0 0 0 -1.707-.707l-4.293 4.293-4.293-4.293a1 1 0 0 0 -1.707.707v4h-4a1 1 0 0 0 -.707 1.707z\"><\/path><path d=\"m24.3 16h2a1.36 1.36 0 0 1 .465-1.021 3.322 3.322 0 0 0 0-4.62 1.358 1.358 0 0 1 0-2.048 3.29 3.29 0 0 0 .935-2.311h-2a1.362 1.362 0 0 1 -.466 1.024 3.326 3.326 0 0 0 0 4.622 1.356 1.356 0 0 1 0 2.045 3.28 3.28 0 0 0 -.934 2.309z\"><\/path><path d=\"m30.3 14h2a1.36 1.36 0 0 1 .465-1.021 3.322 3.322 0 0 0 0-4.62 1.358 1.358 0 0 1 0-2.048 3.29 3.29 0 0 0 .935-2.311h-2a1.362 1.362 0 0 1 -.466 1.024 3.326 3.326 0 0 0 0 4.622 1.356 1.356 0 0 1 0 2.045 3.28 3.28 0 0 0 -.934 2.309z\"><\/path><\/svg>\t\t\t<\/div>\n\t\t<\/div>\n\t\t\t\t<\/div>\n\t\t\t\t<\/div>\n\t\t\t\t<div class=\"elementor-element elementor-element-3ee86e07 elementor-widget elementor-widget-heading\" data-id=\"3ee86e07\" data-element_type=\"widget\" data-widget_type=\"heading.default\">\n\t\t\t\t<div class=\"elementor-widget-container\">\n\t\t\t<h2 class=\"elementor-heading-title elementor-size-default\">Lakovn\u00edcke a karos\u00e1rske pr\u00e1ce<\/h2>\t\t<\/div>\n\t\t\t\t<\/div>\n\t\t\t\t\t<\/div>\n\t\t<\/div>\n\t\t\t\t\t\t\t<\/div>\n\t\t<\/section>\n\t\t\t\t<section class=\"elementor-section elementor-top-section elementor-element elementor-element-55e344a5 elementor-section-height-min-height elementor-section-boxed elementor-section-height-default elementor-section-items-middle\" data-id=\"55e344a5\" data-element_type=\"section\" data-settings=\"{&quot;background_background&quot;:&quot;classic&quot;}\">\n\t\t\t\t\t\t<div class=\"elementor-container elementor-column-gap-default\">\n\t\t\t\t\t<div class=\"elementor-column elementor-col-100 elementor-top-column elementor-element elementor-element-2035577f\" data-id=\"2035577f\" data-element_type=\"column\" data-settings=\"{&quot;background_background&quot;:&quot;classic&quot;}\">\n\t\t\t<div class=\"elementor-widget-wrap elementor-element-populated\">\n\t\t\t\t\t\t\t\t<div class=\"elementor-element elementor-element-78c21440 elementor-widget elementor-widget-heading\" data-id=\"78c21440\" data-element_type=\"widget\" data-widget_type=\"heading.default\">\n\t\t\t\t<div class=\"elementor-widget-container\">\n\t\t\t<h2 class=\"elementor-heading-title elementor-size-default\">OBJEDNAJTE SA DO SERVISU!<\/h2>\t\t<\/div>\n\t\t\t\t<\/div>\n\t\t\t\t<div class=\"elementor-element elementor-element-41bbc801 elementor-widget elementor-widget-heading\" data-id=\"41bbc801\" data-element_type=\"widget\" data-widget_type=\"heading.default\">\n\t\t\t\t<div class=\"elementor-widget-container\">\n\t\t\t<h2 class=\"elementor-heading-title elementor-size-default\">+421 949 413 222\n<\/h2>\t\t<\/div>\n\t\t\t\t<\/div>\n\t\t\t\t<div class=\"elementor-element elementor-element-19c170a6 elementor-align-center elementor-widget elementor-widget-button\" data-id=\"19c170a6\" data-element_type=\"widget\" data-widget_type=\"button.default\">\n\t\t\t\t<div class=\"elementor-widget-container\">\n\t\t\t\t\t<div class=\"elementor-button-wrapper\">\n\t\t\t<a href=\"https:\/\/dmsservis.sk\/?page_id=5\" class=\"elementor-button-link elementor-button elementor-size-sm\" role=\"button\">\n\t\t\t\t\t\t<span class=\"elementor-button-content-wrapper\">\n\t\t\t\t\t\t<span class=\"elementor-button-text\">Objednaj sa!<\/span>\n\t\t<\/span>\n\t\t\t\t\t<\/a>\n\t\t<\/div>\n\t\t\t\t<\/div>\n\t\t\t\t<\/div>\n\t\t\t\t\t<\/div>\n\t\t<\/div>\n\t\t\t\t\t\t\t<\/div>\n\t\t<\/section>\n\t\t\t\t<section class=\"elementor-section elementor-top-section elementor-element elementor-element-f378e98 elementor-section-height-min-height elementor-section-boxed elementor-section-height-default elementor-section-items-middle\" data-id=\"f378e98\" data-element_type=\"section\">\n\t\t\t\t\t\t<div class=\"elementor-container elementor-column-gap-default\">\n\t\t\t\t\t<div class=\"elementor-column elementor-col-100 elementor-top-column elementor-element elementor-element-d7d5e2e\" data-id=\"d7d5e2e\" data-element_type=\"column\">\n\t\t\t<div class=\"elementor-widget-wrap\">\n\t\t\t\t\t\t\t\t\t<\/div>\n\t\t<\/div>\n\t\t\t\t\t\t\t<\/div>\n\t\t<\/section>\n\t\t\t\t\t\t<\/div>\n\t\t\t\t\t<\/div>\n\t\t","protected":false},"excerpt":{"rendered":"<p>Oprava karos\u00e9ri\u00ed V\u00fdmena \u010deln\u00fdch skiel Le\u0161tenie svetiel Le\u0161tenie \u0161krabancov Lakovn\u00edcke a karos\u00e1rske pr\u00e1ce OBJEDNAJTE SA DO SERVISU! +421 949 413 222 Objednaj sa!<\/p>\n","protected":false},"author":1,"featured_media":0,"parent":0,"menu_order":0,"comment_status":"closed","ping_status":"closed","template":"elementor_header_footer","meta":{"_monsterinsights_skip_tracking":false,"_monsterinsights_sitenote_active":false,"_monsterinsights_sitenote_note":"","_monsterinsights_sitenote_category":0},"yoast_head":"<!-- This site is optimized with the Yoast SEO plugin v16.1.1 - https:\/\/yoast.com\/wordpress\/plugins\/seo\/ -->\n<title>OPRAVA KAROS\u00c9RI\u00cd - dmsservis.sk<\/title>\n<meta name=\"description\" content=\"M\u00e1te na va\u0161om aute \u0161krabanec, alebo m\u00e1te po\u0161koden\u00fa karos\u00e9riu? Pon\u00fakame v\u00e1m \u0161irok\u00fa ponuku karos\u00e1rskych slu\u017eieb, aby va\u0161e auto vyzeralo ako nov\u00e9!\" \/>\n<link rel=\"canonical\" href=\"https:\/\/dmsservis.sk\/?page_id=597\" \/>\n<meta property=\"og:locale\" content=\"sk_SK\" \/>\n<meta property=\"og:type\" content=\"article\" \/>\n<meta property=\"og:title\" content=\"OPRAVA KAROS\u00c9RI\u00cd - dmsservis.sk\" \/>\n<meta property=\"og:description\" content=\"M\u00e1te na va\u0161om aute \u0161krabanec, alebo m\u00e1te po\u0161koden\u00fa karos\u00e9riu? Pon\u00fakame v\u00e1m \u0161irok\u00fa ponuku karos\u00e1rskych slu\u017eieb, aby va\u0161e auto vyzeralo ako nov\u00e9!\" \/>\n<meta property=\"og:url\" content=\"https:\/\/dmsservis.sk\/?page_id=597\" \/>\n<meta property=\"og:site_name\" content=\"dmsservis.sk\" \/>\n<meta property=\"article:modified_time\" content=\"2021-08-02T09:19:55+00:00\" \/>\n<meta name=\"twitter:card\" content=\"summary_large_image\" \/>\n<meta name=\"twitter:label1\" content=\"Predpokladan\u00fd \u010das \u010d\u00edtania\">\n\t<meta name=\"twitter:data1\" content=\"1 min\u00fata\">\n<script type=\"application\/ld+json\" class=\"yoast-schema-graph\">{\"@context\":\"https:\/\/schema.org\",\"@graph\":[{\"@type\":\"WebSite\",\"@id\":\"https:\/\/dmsservis.sk\/#website\",\"url\":\"https:\/\/dmsservis.sk\/\",\"name\":\"dmsservis.sk\",\"description\":\"\",\"potentialAction\":[{\"@type\":\"SearchAction\",\"target\":\"https:\/\/dmsservis.sk\/?s={search_term_string}\",\"query-input\":\"required name=search_term_string\"}],\"inLanguage\":\"sk-SK\"},{\"@type\":\"WebPage\",\"@id\":\"https:\/\/dmsservis.sk\/?page_id=597#webpage\",\"url\":\"https:\/\/dmsservis.sk\/?page_id=597\",\"name\":\"OPRAVA KAROS\\u00c9RI\\u00cd - dmsservis.sk\",\"isPartOf\":{\"@id\":\"https:\/\/dmsservis.sk\/#website\"},\"datePublished\":\"2021-06-01T12:11:52+00:00\",\"dateModified\":\"2021-08-02T09:19:55+00:00\",\"description\":\"M\\u00e1te na va\\u0161om aute \\u0161krabanec, alebo m\\u00e1te po\\u0161koden\\u00fa karos\\u00e9riu? Pon\\u00fakame v\\u00e1m \\u0161irok\\u00fa ponuku karos\\u00e1rskych slu\\u017eieb, aby va\\u0161e auto vyzeralo ako nov\\u00e9!\",\"breadcrumb\":{\"@id\":\"https:\/\/dmsservis.sk\/?page_id=597#breadcrumb\"},\"inLanguage\":\"sk-SK\",\"potentialAction\":[{\"@type\":\"ReadAction\",\"target\":[\"https:\/\/dmsservis.sk\/?page_id=597\"]}]},{\"@type\":\"BreadcrumbList\",\"@id\":\"https:\/\/dmsservis.sk\/?page_id=597#breadcrumb\",\"itemListElement\":[{\"@type\":\"ListItem\",\"position\":1,\"item\":{\"@type\":\"WebPage\",\"@id\":\"https:\/\/dmsservis.sk\/\",\"url\":\"https:\/\/dmsservis.sk\/\",\"name\":\"Home\"}},{\"@type\":\"ListItem\",\"position\":2,\"item\":{\"@type\":\"WebPage\",\"@id\":\"https:\/\/dmsservis.sk\/?page_id=597\",\"url\":\"https:\/\/dmsservis.sk\/?page_id=597\",\"name\":\"OPRAVA KAROS\\u00c9RI\\u00cd\"}}]}]}<\/script>\n<!-- \/ Yoast SEO plugin. -->","_links":{"self":[{"href":"https:\/\/dmsservis.sk\/index.php?rest_route=\/wp\/v2\/pages\/597"}],"collection":[{"href":"https:\/\/dmsservis.sk\/index.php?rest_route=\/wp\/v2\/pages"}],"about":[{"href":"https:\/\/dmsservis.sk\/index.php?rest_route=\/wp\/v2\/types\/page"}],"author":[{"embeddable":true,"href":"https:\/\/dmsservis.sk\/index.php?rest_route=\/wp\/v2\/users\/1"}],"replies":[{"embeddable":true,"href":"https:\/\/dmsservis.sk\/index.php?rest_route=%2Fwp%2Fv2%2Fcomments&post=597"}],"version-history":[{"count":6,"href":"https:\/\/dmsservis.sk\/index.php?rest_route=\/wp\/v2\/pages\/597\/revisions"}],"predecessor-version":[{"id":1324,"href":"https:\/\/dmsservis.sk\/index.php?rest_route=\/wp\/v2\/pages\/597\/revisions\/1324"}],"wp:attachment":[{"href":"https:\/\/dmsservis.sk\/index.php?rest_route=%2Fwp%2Fv2%2Fmedia&parent=597"}],"curies":[{"name":"wp","href":"https:\/\/api.w.org\/{rel}","templated":true}]}}